{"id":10476,"date":"2025-04-18T21:15:36","date_gmt":"2025-04-18T19:15:36","guid":{"rendered":"https:\/\/cms.zdv.uni-mainz.de\/fb02-innenpolitik\/?page_id=10476"},"modified":"2025-07-22T11:25:10","modified_gmt":"2025-07-22T09:25:10","slug":"dr-jasmin-fitzpatrick","status":"publish","type":"page","link":"https:\/\/innen.politik.uni-mainz.de\/en\/start-innenpolitik\/dr-jasmin-fitzpatrick\/","title":{"rendered":"Dr. Jasmin Fitzpatrick"},"content":{"rendered":"<jgu-base-pageheader react-props=\"{\n    &quot;items&quot;: [\n        {\n            &quot;box&quot;: {\n                &quot;index&quot;: &quot;&quot;,\n                &quot;title&quot;: &quot;Dr. Jasmin Fitzpatrick&quot;,\n                &quot;link&quot;: {\n                    &quot;url&quot;: &quot;&quot;,\n                    &quot;title&quot;: &quot;learn more&quot;\n                }\n            },\n            &quot;color&quot;: &quot;default&quot;,\n            &quot;image&quot;: {\n                &quot;url&quot;: &quot;&quot;\n            },\n            &quot;imgCredit&quot;: &quot;&quot;,\n            &quot;useVideo&quot;: false,\n            &quot;video&quot;: false\n        }\n    ],\n    &quot;type&quot;: &quot;border&quot;,\n    &quot;useBreadcrumb&quot;: true,\n    &quot;align&quot;: &quot;full&quot;,\n    &quot;quicklinks&quot;: {\n        &quot;show&quot;: false,\n        &quot;selects&quot;: []\n    }\n}\">\n<\/jgu-base-pageheader>\n<div class=\"wp-block-columns is-layout-flex wp-container-core-columns-is-layout-9d6595d7 wp-block-columns-is-layout-flex\">\n<div class=\"wp-block-column is-layout-flow wp-block-column-is-layout-flow\"><jgu-base-idm-person react-props=\"{\n    &quot;id&quot;: &quot;3294&quot;,\n    &quot;organizationId&quot;: 611,\n    &quot;roleId&quot;: 11,\n    &quot;name&quot;: &quot;&quot;,\n    &quot;link&quot;: &quot;idm&quot;,\n    &quot;skipDetails&quot;: [],\n    &quot;align&quot;: &quot;left&quot;,\n    &quot;color&quot;: &quot;default&quot;,\n    &quot;mode&quot;: &quot;edit&quot;,\n    &quot;linkType&quot;: &quot;idm&quot;\n}\">\n        \n<\/jgu-base-idm-person>\n<\/div>\n\n\n\n<div class=\"wp-block-column is-layout-flow wp-block-column-is-layout-flow\"><jgu-base-alertbox react-props=\"{\n    &quot;headline&quot;: &quot;Attention!&quot;,\n    &quot;children&quot;: &quot;Dr. Jasmin Fitzpatrick is not accepting any more theses until the end of the summer semester.  &lt;br&gt;&lt;br&gt;Please register for consultation hours via DFN to make appointments for examinations and for academic advising.&lt;br&gt;&quot;,\n    &quot;icon&quot;: &quot;bullhorn-solid&quot;,\n    &quot;iconColor&quot;: &quot;red&quot;,\n    &quot;headlineColor&quot;: &quot;dark&quot;,\n    &quot;subline&quot;: &quot;&quot;,\n    &quot;iconOverHeadline&quot;: false,\n    &quot;isPreview&quot;: false\n}\">\n    \n<\/jgu-base-alertbox>\n\n<jgu-base-button style=\"display: flex; flex-wrap: wrap; column-gap: 30px; max-width: 100%; flex-direction: row; justify-content: left\">\n  \n<jgu-base-buttonitem react-props=\"{\n    &quot;text&quot;: &quot;DFN office hours management&quot;,\n    &quot;icon&quot;: &quot;calendar-solid&quot;,\n    &quot;link&quot;: {\n        &quot;url&quot;: &quot;https:\\\/\\\/terminplaner6.dfn.de\\\/p\\\/f6c5ce54577e74438d938da637863aab-24106&quot;,\n        &quot;linkTarget&quot;: &quot;&quot;,\n        &quot;rel&quot;: &quot;&quot;,\n        &quot;opensInNewTab&quot;: true\n    },\n    &quot;align&quot;: &quot;left&quot;,\n    &quot;styling&quot;: &quot;primary&quot;,\n    &quot;type&quot;: &quot;default&quot;,\n    &quot;iconBefore&quot;: false,\n    &quot;isSmall&quot;: false,\n    &quot;fullWidth&quot;: false,\n    &quot;className&quot;: &quot;&quot;\n}\"><\/jgu-base-buttonitem>\n\n<jgu-base-buttonitem react-props=\"{\n    &quot;text&quot;: &quot;Mail advice&quot;,\n    &quot;icon&quot;: &quot;envelope-solid&quot;,\n    &quot;link&quot;: {\n        &quot;url&quot;: &quot;mailto: studienberatung@politik.uni-mainz.de&quot;,\n        &quot;linkTarget&quot;: &quot;&quot;,\n        &quot;rel&quot;: &quot;&quot;,\n        &quot;opensInNewTab&quot;: true\n    },\n    &quot;align&quot;: &quot;left&quot;,\n    &quot;styling&quot;: &quot;primary&quot;,\n    &quot;type&quot;: &quot;default&quot;,\n    &quot;iconBefore&quot;: false,\n    &quot;isSmall&quot;: false,\n    &quot;fullWidth&quot;: false,\n    &quot;className&quot;: &quot;&quot;\n}\"><\/jgu-base-buttonitem>\n\n<\/jgu-base-button><\/div>\n<\/div>\n<jgu-base-alertbox react-props=\"{\n    &quot;headline&quot;: &quot;CV&quot;,\n    &quot;headlineColor&quot;: &quot;dark&quot;,\n    &quot;subline&quot;: &quot;&quot;,\n    &quot;children&quot;: &quot;&quot;,\n    &quot;icon&quot;: &quot;&quot;,\n    &quot;iconOverHeadline&quot;: false,\n    &quot;isPreview&quot;: false\n}\">\n    \n<jgu-base-listitem react-props=\"{\n    &quot;uuid&quot;: &quot;1745002862854&quot;,\n    &quot;align&quot;: &quot;wide&quot;,\n    &quot;showInActions&quot;: false,\n    &quot;allowNesting&quot;: true,\n    &quot;icon&quot;: &quot;&quot;,\n    &quot;title&quot;: &quot;&quot;,\n    &quot;showExpandableContent&quot;: false,\n    &quot;expandableContent&quot;: &quot;&quot;,\n    &quot;link&quot;: {\n        &quot;url&quot;: &quot;&quot;\n    }\n}\">\n    \n<\/jgu-base-listitem>\n\n<jgu-base-listitem react-props=\"{\n    &quot;title&quot;: &quot;Senior Lecturer and Reseacher since 2024&quot;,\n    &quot;uuid&quot;: &quot;1745002963432&quot;,\n    &quot;align&quot;: &quot;wide&quot;,\n    &quot;showInActions&quot;: false,\n    &quot;allowNesting&quot;: true,\n    &quot;icon&quot;: &quot;&quot;,\n    &quot;showExpandableContent&quot;: false,\n    &quot;expandableContent&quot;: &quot;&quot;,\n    &quot;link&quot;: {\n        &quot;url&quot;: &quot;&quot;\n    }\n}\">\n    \n<\/jgu-base-listitem>\n\n<jgu-base-listitem react-props=\"{\n    &quot;title&quot;: &quot;2017 Doctorate (magna cum laude)&quot;,\n    &quot;uuid&quot;: &quot;1745003018920&quot;,\n    &quot;align&quot;: &quot;wide&quot;,\n    &quot;showInActions&quot;: false,\n    &quot;allowNesting&quot;: true,\n    &quot;icon&quot;: &quot;&quot;,\n    &quot;showExpandableContent&quot;: false,\n    &quot;expandableContent&quot;: &quot;&quot;,\n    &quot;link&quot;: {\n        &quot;url&quot;: &quot;&quot;\n    }\n}\">\n    \n<\/jgu-base-listitem>\n\n<jgu-base-listitem react-props=\"{\n    &quot;title&quot;: &quot;Since 2012 Research assistant at the Department of Domestic Policy\\\/Political Sociology&quot;,\n    &quot;uuid&quot;: &quot;1745002995039&quot;,\n    &quot;align&quot;: &quot;wide&quot;,\n    &quot;showInActions&quot;: false,\n    &quot;allowNesting&quot;: true,\n    &quot;icon&quot;: &quot;&quot;,\n    &quot;showExpandableContent&quot;: false,\n    &quot;expandableContent&quot;: &quot;&quot;,\n    &quot;link&quot;: {\n        &quot;url&quot;: &quot;&quot;\n    }\n}\">\n    \n<\/jgu-base-listitem>\n\n<jgu-base-listitem react-props=\"{\n    &quot;title&quot;: &quot;2010-2012 Studied Political and Social Sciences at the JMU W\\u00fcrzburg&quot;,\n    &quot;uuid&quot;: &quot;1745003090428&quot;,\n    &quot;align&quot;: &quot;wide&quot;,\n    &quot;showInActions&quot;: false,\n    &quot;allowNesting&quot;: true,\n    &quot;icon&quot;: &quot;&quot;,\n    &quot;showExpandableContent&quot;: false,\n    &quot;expandableContent&quot;: &quot;&quot;,\n    &quot;link&quot;: {\n        &quot;url&quot;: &quot;&quot;\n    }\n}\">\n    \n<\/jgu-base-listitem>\n\n<jgu-base-listitem react-props=\"{\n    &quot;title&quot;: &quot;2007-2010 Studied Political and Social Studies at the JMU W\\u00fcrzburg&quot;,\n    &quot;uuid&quot;: &quot;1745003146646&quot;,\n    &quot;align&quot;: &quot;wide&quot;,\n    &quot;showInActions&quot;: false,\n    &quot;allowNesting&quot;: true,\n    &quot;icon&quot;: &quot;&quot;,\n    &quot;showExpandableContent&quot;: false,\n    &quot;expandableContent&quot;: &quot;&quot;,\n    &quot;link&quot;: {\n        &quot;url&quot;: &quot;&quot;\n    }\n}\">\n    \n<\/jgu-base-listitem>\n\n<\/jgu-base-alertbox>\n<div style=\"height:90px\" aria-hidden=\"true\" class=\"wp-block-spacer\"><\/div>\n<jgu-base-heading react-props=\"{\n    &quot;tags&quot;: {\n        &quot;htmlTag&quot;: &quot;h2&quot;,\n        &quot;classTag&quot;: &quot;&quot;,\n        &quot;tag&quot;: &quot;h2&quot;\n    },\n    &quot;heading&quot;: &quot;Courses&quot;,\n    &quot;textAlign&quot;: &quot;left&quot;,\n    &quot;anchor&quot;: &quot;&quot;,\n    &quot;index&quot;: &quot;&quot;,\n    &quot;color&quot;: &quot;red&quot;\n}\"><\/jgu-base-heading>\n\t<ol class=\"wp-block-list has-big-font-size\">\n\t\t\t\t\t<li>\n\t\t\t<a href=\"?event_id=394143934755147&amp;skip_groups=false\">\n\t\t\t\tEinf. BA Politikwissenschaft\/BEd Sozialkunde: Einf\u00fchrungsveranstaltung f\u00fcr Erstsemester und Hochschulortwechsler<\/a><br>\n\t\t\t\tInstructor: Univ.-Prof. Dr. Helen Callaghan; Dr. habil. Jasmin Fitzpatrick; Dr. Cornelia Frings; May Jehle; Victoria Kr\u00fcger; Dr. Christoph Wagner\t\t\t\t\t\t<\/li>\n\t\t\t\t\t<li>\n\t\t\t<a href=\"?event_id=394143936751552&amp;skip_groups=false\">\n\t\t\t\tSem (BA\/MEd\/MA-EU) Political Efficacy &#8211; A classical concept renewed<\/a><br>\n\t\t\t\tInstructor: Dr. habil. Jasmin Fitzpatrick\t\t\t\t\t\t<\/li>\n\t\t\t\t\t<li>\n\t\t\t<a href=\"?event_id=394143936292468&amp;skip_groups=false\">\n\t\t\t\tSem BQ Mit Politikwissenschaft in den Beruf<\/a><br>\n\t\t\t\tInstructor: Dr. habil. Jasmin Fitzpatrick\t\t\t\t\t\t<\/li>\n\t\t\t\t\t<li>\n\t\t\t<a href=\"?event_id=394143935281244&amp;skip_groups=false\">\n\t\t\t\tV Thema Bereich Politisches System der BRD: Parlament und Regierung<\/a><br>\n\t\t\t\tInstructor: Dr. habil. Jasmin Fitzpatrick\t\t\t\t\t\t<\/li>\n\t\t<\/ol>\n\t<hr>\n<p>\n\tSoSe 2026\t<\/p>\n\n\n<div style=\"height:90px\" aria-hidden=\"true\" class=\"wp-block-spacer\"><\/div>\n<jgu-base-heading react-props=\"{\n    &quot;tags&quot;: {\n        &quot;htmlTag&quot;: &quot;h2&quot;,\n        &quot;classTag&quot;: &quot;&quot;,\n        &quot;tag&quot;: &quot;h2&quot;\n    },\n    &quot;heading&quot;: &quot;Publications&quot;,\n    &quot;textAlign&quot;: &quot;left&quot;,\n    &quot;anchor&quot;: &quot;&quot;,\n    &quot;index&quot;: &quot;&quot;,\n    &quot;color&quot;: &quot;red&quot;\n}\"><\/jgu-base-heading>\n<div>\n\n\t\n\t<div class=\"csl-bib-body\">\n  <div class=\"csl-entry\">Fitzpatrick, J., and Villaplana, F. R. oacute N. (2026). Becoming digital leaders. Factors of party leaders\u2019 platform reach. In <i>Elsevier BV<\/i>. <a href=\"https:\/\/doi.org\/10.2139\/ssrn.6219104\" title=\"Bibliographical information\">DOI<\/a><\/div>\n  <div class=\"csl-entry\">Barbera, O., Barber\u00e0, O., and Fitzpatrick, J. (2024). Editorial: The Digitalization of Intra Party Politics. The Participation vs. Centralisation Dilemma. <i>ACTA POLITOLOGICA<\/i>, <i>16<\/i>(2), 1-8. <a href=\"https:\/\/doi.org\/10.14712\/1803-8220\/36_2024\" title=\"Bibliographical information\">DOI<\/a><\/div>\n  <div class=\"csl-entry\">Villaplana, F. R., and Fitzpatrick, J. (2024). Digital leaders: political leadership in the digital age. <i>FRONTIERS IN POLITICAL SCIENCE<\/i>, <i>6<\/i>. <a href=\"https:\/\/doi.org\/10.3389\/fpos.2024.1425966\" title=\"Bibliographical information\">DOI<\/a> <a href=\"https:\/\/www.webofscience.com\/api\/gateway?GWVersion=2&#038;SrcApp=fis-test-1&#038;SrcAuth=WosAPI&#038;KeyUT=WOS:001388425200001&#038;DestLinkType=FullRecord&#038;DestApp=WOS_CPL\" title=\"Bibliographical information\" >Author\/Publisher URL<\/a><\/div>\n  <div class=\"csl-entry\">Fitzpatrick, J., and von Nostitz, F.-C. (2024). Reaching the Voters: Parties\u2019 Use of Google Ads in the 2021 German Federal Election. <i>MEDIA AND COMMUNICATION<\/i>, <i>12<\/i>. <a href=\"https:\/\/doi.org\/10.17645\/mac.8543\" title=\"Bibliographical information\">DOI<\/a> <a href=\"https:\/\/www.webofscience.com\/api\/gateway?GWVersion=2&#038;SrcApp=fis-test-1&#038;SrcAuth=WosAPI&#038;KeyUT=WOS:001380519000003&#038;DestLinkType=FullRecord&#038;DestApp=WOS_CPL\" title=\"Bibliographical information\" >Author\/Publisher URL<\/a><\/div>\n  <div class=\"csl-entry\">Fitzpatrick, J., and Thuermer, G. (2023). Political parties and their online platforms-Differences in philosophies. <i>FRONTIERS IN POLITICAL SCIENCE<\/i>, <i>5<\/i>. <a href=\"https:\/\/doi.org\/10.3389\/fpos.2023.1199449\" title=\"Bibliographical information\">DOI<\/a> <a href=\"https:\/\/www.webofscience.com\/api\/gateway?GWVersion=2&#038;SrcApp=fis-test-1&#038;SrcAuth=WosAPI&#038;KeyUT=WOS:001041800300001&#038;DestLinkType=FullRecord&#038;DestApp=WOS_CPL\" title=\"Bibliographical information\" >Author\/Publisher URL<\/a><\/div>\n  <div class=\"csl-entry\">Fitzpatrick, J. (2023). Agenda-Setting als Ursache und Auspr\u00e4gung politischer Beteiligung vor dem Hintergrund eines medialen Strukturwandels. In <i>Handbuch Digitalisierung und politische Beteiligung<\/i> (pp. 1-16). Springer Fachmedien Wiesbaden. <a href=\"https:\/\/doi.org\/10.1007\/978-3-658-31480-4_8-1\" title=\"Bibliographical information\">DOI<\/a><\/div>\n  <div class=\"csl-entry\">Fitzpatrick, J. (2023). E-Campaigning\/Social media in Deutschland. In <i>Handbuch Digitalisierung und politische Beteiligung<\/i> (pp. 1-17). Springer Fachmedien Wiesbaden. <a href=\"https:\/\/doi.org\/10.1007\/978-3-658-31480-4_35-1\" title=\"Bibliographical information\">DOI<\/a><\/div>\n  <div class=\"csl-entry\">Fitzpatrick, J., and Joest, P. (2022). &#8220;The High Mass of Democracy&#8221; -Why Germany Remains Aloof to the Idea of Electronic Voting. <i>FRONTIERS IN POLITICAL SCIENCE<\/i>, <i>4<\/i>. <a href=\"https:\/\/doi.org\/10.3389\/fpos.2022.876476\" title=\"Bibliographical information\">DOI<\/a> <a href=\"https:\/\/www.webofscience.com\/api\/gateway?GWVersion=2&#038;SrcApp=fis-test-1&#038;SrcAuth=WosAPI&#038;KeyUT=WOS:000994964000001&#038;DestLinkType=FullRecord&#038;DestApp=WOS_CPL\" title=\"Bibliographical information\" >Author\/Publisher URL<\/a><\/div>\n  <div class=\"csl-entry\">Fitzpatrick, J., and Selbach, R. (2022). Politische Parteien: Interessensorganisation im Wandel. In L. H. Anders and D. Riese (eds.), <i>Politische Akteure und Institutionen in Deutschland: Eine forschungsorientierte Einf\u00fchrung in das politische System<\/i> (pp. 69-90). Wiesbaden:Springer VS. <a href=\"https:\/\/doi.org\/10.1007\/978-3-658-37553-9_4\" title=\"Bibliographical information\">DOI<\/a><\/div>\n  <div class=\"csl-entry\">Fitzpatrick, J., and J\u00f6st, P. (2021). Der webbasierte Bundestagswahlkampf 2021. <i>Forschungsjournal Soziale Bewegungen<\/i>, <i>34<\/i>(3), 417-425. <a href=\"https:\/\/doi.org\/10.1515\/fjsb-2021-0039\" title=\"Bibliographical information\">DOI<\/a><\/div>\n  <div class=\"csl-entry\">Dommett, K., Fitzpatrick, J., Mosca, L., and Gerbaudo, P. (2021). Are digital parties the future of party organization? A symposium on &lt;i&gt;The Digital Party&lt;\/i&gt;: &lt;i&gt;Political Organisation and Online Democracy&lt;\/i&gt; by Paolo Gerbaudo. <i>ITALIAN POLITICAL SCIENCE REVIEW-RIVISTA ITALIANA DI SCIENZA POLITICA<\/i>, <i>51<\/i>(1), 136-149. <a href=\"https:\/\/doi.org\/10.1017\/ipo.2020.13\" title=\"Bibliographical information\">DOI<\/a> <a href=\"https:\/\/www.webofscience.com\/api\/gateway?GWVersion=2&#038;SrcApp=fis-test-1&#038;SrcAuth=WosAPI&#038;KeyUT=WOS:000628822100008&#038;DestLinkType=FullRecord&#038;DestApp=WOS_CPL\" title=\"Bibliographical information\" >Author\/Publisher URL<\/a><\/div>\n  <div class=\"csl-entry\">Borucki, I., and Fitzpatrick, J. (2021). Tactical Web Use in Bumpy Times\u2014A Comparison of Conservative Parties\u2019 Digital Presence. In <i>Studies in Digital Politics and Governance<\/i> (pp. 245-267). Springer International Publishing. <a href=\"https:\/\/doi.org\/10.1007\/978-3-030-78668-7_13\" title=\"Bibliographical information\">DOI<\/a><\/div>\n  <div class=\"csl-entry\">Fitzpatrick, J. (2021). The Five-Pillar Model of Parties\u2019 Migration into the Digital. In <i>Studies in Digital Politics and Governance<\/i> (pp. 23-42). Springer International Publishing. <a href=\"https:\/\/doi.org\/10.1007\/978-3-030-78668-7_2\" title=\"Bibliographical information\">DOI<\/a><\/div>\n  <div class=\"csl-entry\">Fitzpatrick, J., and Mayer, S. J. (2021). Mehr als immer nur dagegen? Die legislative Agenda gr\u00fcner Parteien in Deutschland und \u00d6sterreich in Zeiten Gro\u00dfer Koalitionen. <i>Zeitschrift f\u00fcr Parlamentsfragen<\/i>, <i>52<\/i>(1), 95-107. <a href=\"https:\/\/doi.org\/10.5771\/0340-1758-2021-1-95\" title=\"Bibliographical information\">DOI<\/a><\/div>\n  <div class=\"csl-entry\">Fitzpatrick, J. (2020). Kapitale Konsequenzen f\u00fcr organisierte Interessenvertretung in Demokratien \u2013 Pierre Bourdieu, politische Organisationen und webbasierte Technologien. In <i>Demokratietheorie im Zeitalter der Fr\u00fchdigitalisierung<\/i> (pp. 151-175). Springer Fachmedien Wiesbaden. <a href=\"https:\/\/doi.org\/10.1007\/978-3-658-30997-8_8\" title=\"Bibliographical information\">DOI<\/a><\/div>\n  <div class=\"csl-entry\">Fitzpatrick, J., and Mayer, S. J. (2020). Fokusgruppen. In <i>Handbuch Politische Kommunikation<\/i> (pp. 1-9). Springer Fachmedien Wiesbaden. <a href=\"https:\/\/doi.org\/10.1007\/978-3-658-26242-6_50-1\" title=\"Bibliographical information\">DOI<\/a><\/div>\n  <div class=\"csl-entry\">Fitzpatrick, J. (2019). Potenziale sozialer Medien zwischen Wunsch und Wirklichkeit. In <i>Politik in der digitalen Gesellschaft<\/i> (pp. 171-186). transcript Verlag. <a href=\"https:\/\/doi.org\/10.14361\/9783839448649-009\" title=\"Bibliographical information\">DOI<\/a><\/div>\n  <div class=\"csl-entry\">Borucki, I., and Fitzpatrick, J. (2019). Tactical Web Use in Bumpy Times \u2013 a Comparison of Conservative Parties\u2019 Digital Presence. In <i>Center for Open Science<\/i>. <a href=\"https:\/\/doi.org\/10.31235\/osf.io\/sh9ej\" title=\"Bibliographical information\">DOI<\/a><\/div>\n  <div class=\"csl-entry\">Fitzpatrick, J., and Mayer, S. J. (2019). The Common Grounds of Adherence? A Qualitative Analysis of Young Partisans\u2019 Collective Identity. In <i>Identit\u00e4t &#8211; Identifikation &#8211; Ideologie<\/i> (pp. 113-139). Springer Fachmedien Wiesbaden. <a href=\"https:\/\/doi.org\/10.1007\/978-3-658-25604-3_4\" title=\"Bibliographical information\">DOI<\/a><\/div>\n  <div class=\"csl-entry\">Fitzpatrick, J. (2018). <i>Digital Civil Society : wie zivilgesellschaftliche Organisationen im Web 2.0 politische Ziele verfolgen<\/i>.<\/div>\n  <div class=\"csl-entry\">Fitzpatrick, J. (2018). <i>Digital Civil Society<\/i>. Springer Fachmedien Wiesbaden. <a href=\"https:\/\/doi.org\/10.1007\/978-3-658-21433-3\" title=\"Bibliographical information\">DOI<\/a><\/div>\n  <div class=\"csl-entry\">Fitzpatrick, J. (2018). Zwitschern f\u00fcr Stimmen. Der Einsatz von Twitter im Bundestagswahlkampf 2017. <i>Zeitschrift f\u00fcr Parlamentsfragen<\/i>, <i>49<\/i>(3), 603-617. <a href=\"https:\/\/doi.org\/10.5771\/0340-1758-2018-3-603\" title=\"Bibliographical information\">DOI<\/a><\/div>\n  <div class=\"csl-entry\">Fitzpatrick, J. (2014). The Micro and Meso Levels of Activism: A Comparative Case Study of Attac France and Attac Germany. <i>GERMAN POLITICS<\/i>, <i>23<\/i>(3), 233-234. <a href=\"https:\/\/doi.org\/10.1080\/09644008.2014.965554\" title=\"Bibliographical information\">DOI<\/a> <a href=\"https:\/\/www.webofscience.com\/api\/gateway?GWVersion=2&#038;SrcApp=fis-test-1&#038;SrcAuth=WosAPI&#038;KeyUT=WOS:000344456200007&#038;DestLinkType=FullRecord&#038;DestApp=WOS_CPL\" title=\"Bibliographical information\" >Author\/Publisher URL<\/a><\/div>\n<\/div>\t\n<\/div>\n    <div style=\"display: none\">\n        \n    <\/div>","protected":false},"excerpt":{"rendered":"","protected":false},"author":1647,"featured_media":0,"parent":10482,"menu_order":1,"comment_status":"closed","ping_status":"closed","template":"","meta":{"footnotes":""},"categories":[],"tags":[],"class_list":["post-10476","page","type-page","status-publish","hentry"],"content_raw":"<!-- wp:jgu\/pageheader {\"items\":[{\"box\":{\"index\":\"\",\"title\":\"Dr. Jasmin Fitzpatrick\",\"link\":{\"url\":\"\",\"title\":\"learn more\"}},\"color\":\"default\",\"image\":{\"url\":\"\"},\"imgCredit\":\"\",\"useVideo\":false,\"video\":false}],\"type\":\"border\",\"useBreadcrumb\":true} \/--><!-- wp:columns -->\n<div class=\"wp-block-columns\"><!-- wp:column -->\n<div class=\"wp-block-column\"><!-- wp:jgu\/idm-person {\"id\":\"3294\",\"organizationId\":611,\"roleId\":11} \/--><\/div>\n<!-- \/wp:column -->\n\n<!-- wp:column -->\n<div class=\"wp-block-column\"><!-- wp:jgu\/alertbox {\"headline\":\"Attention!\",\"children\":\"Dr. Jasmin Fitzpatrick is not accepting any more theses until the end of the summer semester.  \\u003Cbr\\u003E\\u003Cbr\\u003EPlease register for consultation hours via DFN to make appointments for examinations and for academic advising.\\u003Cbr\\u003E\",\"icon\":\"bullhorn-solid\",\"iconColor\":\"red\"} \/-->\n\n<!-- wp:jgu\/button -->\n<!-- wp:jgu\/button-item {\"text\":\"DFN office hours management\",\"icon\":\"calendar-solid\",\"link\":{\"url\":\"https:\/\/terminplaner6.dfn.de\/p\/f6c5ce54577e74438d938da637863aab-24106\",\"linkTarget\":\"\",\"rel\":\"\",\"opensInNewTab\":true}} \/-->\n\n<!-- wp:jgu\/button-item {\"text\":\"Mail advice\",\"icon\":\"envelope-solid\",\"link\":{\"url\":\"mailto: studienberatung@politik.uni-mainz.de\",\"linkTarget\":\"\",\"rel\":\"\",\"opensInNewTab\":true}} \/-->\n<!-- \/wp:jgu\/button --><\/div>\n<!-- \/wp:column --><\/div>\n<!-- \/wp:columns --><!-- wp:jgu\/alertbox {\"headline\":\"CV\"} -->\n<!-- wp:jgu\/list-item {\"uuid\":\"1745002862854\"} \/-->\n\n<!-- wp:jgu\/list-item {\"title\":\"Senior Lecturer and Reseacher since 2024\",\"uuid\":\"1745002963432\"} \/-->\n\n<!-- wp:jgu\/list-item {\"title\":\"2017 Doctorate (magna cum laude)\",\"uuid\":\"1745003018920\"} \/-->\n\n<!-- wp:jgu\/list-item {\"title\":\"Since 2012 Research assistant at the Department of Domestic Policy\/Political Sociology\",\"uuid\":\"1745002995039\"} \/-->\n\n<!-- wp:jgu\/list-item {\"title\":\"2010-2012 Studied Political and Social Sciences at the JMU W\u00fcrzburg\",\"uuid\":\"1745003090428\"} \/-->\n\n<!-- wp:jgu\/list-item {\"title\":\"2007-2010 Studied Political and Social Studies at the JMU W\u00fcrzburg\",\"uuid\":\"1745003146646\"} \/-->\n<!-- \/wp:jgu\/alertbox --><!-- wp:spacer -->\n<div style=\"height:90px\" aria-hidden=\"true\" class=\"wp-block-spacer\"><\/div>\n<!-- \/wp:spacer --><!-- wp:jgu\/heading {\"tags\":{\"htmlTag\":\"h2\",\"classTag\":\"\",\"tag\":\"h2\"},\"heading\":\"Courses\"} \/--><!-- wp:jgu\/jogustine {\"orgunit\":\"Politikwissenschaft\",\"instructor\":\"Fitzpatrick, Jasmin\"} \/--><!-- wp:spacer -->\n<div style=\"height:90px\" aria-hidden=\"true\" class=\"wp-block-spacer\"><\/div>\n<!-- \/wp:spacer --><!-- wp:jgu\/heading {\"tags\":{\"htmlTag\":\"h2\",\"classTag\":\"\",\"tag\":\"h2\"},\"heading\":\"Publications\"} \/--><!-- wp:jgu\/fis {\"user\":\"fitzpatr\"} \/-->","_links":{"self":[{"href":"https:\/\/innen.politik.uni-mainz.de\/en\/wp-json\/wp\/v2\/pages\/10476","targetHints":{"allow":["GET"]}}],"collection":[{"href":"https:\/\/innen.politik.uni-mainz.de\/en\/wp-json\/wp\/v2\/pages"}],"about":[{"href":"https:\/\/innen.politik.uni-mainz.de\/en\/wp-json\/wp\/v2\/types\/page"}],"author":[{"embeddable":true,"href":"https:\/\/innen.politik.uni-mainz.de\/en\/wp-json\/wp\/v2\/users\/1647"}],"replies":[{"embeddable":true,"href":"https:\/\/innen.politik.uni-mainz.de\/en\/wp-json\/wp\/v2\/comments?post=10476"}],"version-history":[{"count":4,"href":"https:\/\/innen.politik.uni-mainz.de\/en\/wp-json\/wp\/v2\/pages\/10476\/revisions"}],"predecessor-version":[{"id":10764,"href":"https:\/\/innen.politik.uni-mainz.de\/en\/wp-json\/wp\/v2\/pages\/10476\/revisions\/10764"}],"up":[{"embeddable":true,"href":"https:\/\/innen.politik.uni-mainz.de\/en\/wp-json\/wp\/v2\/pages\/10482"}],"wp:attachment":[{"href":"https:\/\/innen.politik.uni-mainz.de\/en\/wp-json\/wp\/v2\/media?parent=10476"}],"wp:term":[{"taxonomy":"category","embeddable":true,"href":"https:\/\/innen.politik.uni-mainz.de\/en\/wp-json\/wp\/v2\/categories?post=10476"},{"taxonomy":"post_tag","embeddable":true,"href":"https:\/\/innen.politik.uni-mainz.de\/en\/wp-json\/wp\/v2\/tags?post=10476"}],"curies":[{"name":"wp","href":"https:\/\/api.w.org\/{rel}","templated":true}]}}