{"id":10494,"date":"2025-06-12T11:54:54","date_gmt":"2025-06-12T09:54:54","guid":{"rendered":"https:\/\/cms.zdv.uni-mainz.de\/fb02-innenpolitik\/?page_id=10494"},"modified":"2025-07-16T13:16:34","modified_gmt":"2025-07-16T11:16:34","slug":"anna-lopatina-m-a","status":"publish","type":"page","link":"https:\/\/innen.politik.uni-mainz.de\/en\/start-innenpolitik\/anna-lopatina-m-a\/","title":{"rendered":"Anna Lopatina, M.A."},"content":{"rendered":"<jgu-base-pageheader react-props=\"{\n    &quot;items&quot;: [\n        {\n            &quot;box&quot;: {\n                &quot;index&quot;: &quot;&quot;,\n                &quot;title&quot;: &quot;Anna Lopatina, M.A.  &quot;,\n                &quot;link&quot;: {\n                    &quot;url&quot;: &quot;&quot;,\n                    &quot;title&quot;: &quot;learn more&quot;\n                }\n            },\n            &quot;color&quot;: &quot;default&quot;,\n            &quot;image&quot;: {\n                &quot;url&quot;: &quot;&quot;\n            },\n            &quot;imgCredit&quot;: &quot;&quot;,\n            &quot;useVideo&quot;: false,\n            &quot;video&quot;: false\n        }\n    ],\n    &quot;type&quot;: &quot;border&quot;,\n    &quot;useBreadcrumb&quot;: true,\n    &quot;align&quot;: &quot;full&quot;,\n    &quot;quicklinks&quot;: {\n        &quot;show&quot;: false,\n        &quot;selects&quot;: []\n    }\n}\">\n<\/jgu-base-pageheader>\n<div class=\"wp-block-columns is-layout-flex wp-container-core-columns-is-layout-9d6595d7 wp-block-columns-is-layout-flex\">\n<div class=\"wp-block-column is-layout-flow wp-block-column-is-layout-flow\"><jgu-base-idm-person react-props=\"{\n    &quot;id&quot;: &quot;306045&quot;,\n    &quot;organizationId&quot;: 611,\n    &quot;roleId&quot;: 11,\n    &quot;name&quot;: &quot;&quot;,\n    &quot;link&quot;: &quot;idm&quot;,\n    &quot;skipDetails&quot;: [],\n    &quot;align&quot;: &quot;left&quot;,\n    &quot;color&quot;: &quot;default&quot;,\n    &quot;mode&quot;: &quot;edit&quot;,\n    &quot;linkType&quot;: &quot;idm&quot;\n}\">\n        \n<\/jgu-base-idm-person>\n<\/div>\n\n\n\n<div class=\"wp-block-column is-layout-flow wp-block-column-is-layout-flow\"><jgu-base-alertbox react-props=\"{\n    &quot;headline&quot;: &quot;Further information&quot;,\n    &quot;children&quot;: &quot;Please register in advance by e-mail for an appointment and indicate whether you would like to attend the consultation in person, via MS Teams or by telephone.&quot;,\n    &quot;icon&quot;: &quot;bullhorn-solid&quot;,\n    &quot;iconColor&quot;: &quot;red&quot;,\n    &quot;headlineColor&quot;: &quot;dark&quot;,\n    &quot;subline&quot;: &quot;&quot;,\n    &quot;iconOverHeadline&quot;: false,\n    &quot;isPreview&quot;: false\n}\">\n    \n<\/jgu-base-alertbox><\/div>\n<\/div>\n<jgu-base-alertbox react-props=\"{\n    &quot;headline&quot;: &quot;CV&quot;,\n    &quot;headlineColor&quot;: &quot;dark&quot;,\n    &quot;subline&quot;: &quot;&quot;,\n    &quot;children&quot;: &quot;&quot;,\n    &quot;icon&quot;: &quot;&quot;,\n    &quot;iconOverHeadline&quot;: false,\n    &quot;isPreview&quot;: false\n}\">\n    \n<jgu-base-listitem react-props=\"{\n    &quot;title&quot;: &quot;since 10\\\/2024 Research assistant at the Department of German Politics and Political Sociology at the Institute of Political Science, Johannes Gutenberg University Mainz, Head: Prof. Dr. Kai Arzheimer &quot;,\n    &quot;uuid&quot;: &quot;1749721913474&quot;,\n    &quot;align&quot;: &quot;wide&quot;,\n    &quot;showInActions&quot;: false,\n    &quot;allowNesting&quot;: true,\n    &quot;icon&quot;: &quot;&quot;,\n    &quot;showExpandableContent&quot;: false,\n    &quot;expandableContent&quot;: &quot;&quot;,\n    &quot;link&quot;: {\n        &quot;url&quot;: &quot;&quot;\n    }\n}\">\n    \n<\/jgu-base-listitem>\n\n<jgu-base-listitem react-props=\"{\n    &quot;title&quot;: &quot;05\\\/2024- 08\\\/2024 Student assistant at the Department of German Politics and Political Sociology at the Institute of Political Science, Johannes Gutenberg University Mainz, for the research project: \\&quot;On the renewal and digitalization of political parties\\&quot;, PI: Dr. Jasmin Fitzpatrick&quot;,\n    &quot;uuid&quot;: &quot;1749721929424&quot;,\n    &quot;align&quot;: &quot;wide&quot;,\n    &quot;showInActions&quot;: false,\n    &quot;allowNesting&quot;: true,\n    &quot;icon&quot;: &quot;&quot;,\n    &quot;showExpandableContent&quot;: false,\n    &quot;expandableContent&quot;: &quot;&quot;,\n    &quot;link&quot;: {\n        &quot;url&quot;: &quot;&quot;\n    }\n}\">\n    \n<\/jgu-base-listitem>\n\n<jgu-base-listitem react-props=\"{\n    &quot;title&quot;: &quot;07\\\/2023-12\\\/2023 Student assistant at the Faculty of Social Sciences at the University of Ottawa, Canada, for a research project on political representation in local elections in Germany, supervised by Prof. Dr. Daniel Stockemer&quot;,\n    &quot;uuid&quot;: &quot;1749721953565&quot;,\n    &quot;align&quot;: &quot;wide&quot;,\n    &quot;showInActions&quot;: false,\n    &quot;allowNesting&quot;: true,\n    &quot;icon&quot;: &quot;&quot;,\n    &quot;showExpandableContent&quot;: false,\n    &quot;expandableContent&quot;: &quot;&quot;,\n    &quot;link&quot;: {\n        &quot;url&quot;: &quot;&quot;\n    }\n}\">\n    \n<\/jgu-base-listitem>\n\n<jgu-base-listitem react-props=\"{\n    &quot;title&quot;: &quot;04\\\/2023- 06\\\/2023 Student assistant at the Department of German Politics and Political Sociology at the Institute of Political Science, Johannes Gutenberg University Mainz, for the research project: \\&quot;On the renewal and digitalization of political parties\\&quot;, PI: Dr. Jasmin Fitzpatrick&quot;,\n    &quot;uuid&quot;: &quot;1749721972937&quot;,\n    &quot;align&quot;: &quot;wide&quot;,\n    &quot;showInActions&quot;: false,\n    &quot;allowNesting&quot;: true,\n    &quot;icon&quot;: &quot;&quot;,\n    &quot;showExpandableContent&quot;: false,\n    &quot;expandableContent&quot;: &quot;&quot;,\n    &quot;link&quot;: {\n        &quot;url&quot;: &quot;&quot;\n    }\n}\">\n    \n<\/jgu-base-listitem>\n\n<jgu-base-listitem react-props=\"{\n    &quot;title&quot;: &quot;09\\\/2022-12\\\/2022 Semester abroad at Chung-Ang University Seoul, South Korea, at the Graduate School of International Studies (PROMOS scholarship holder)&quot;,\n    &quot;uuid&quot;: &quot;1749722022486&quot;,\n    &quot;align&quot;: &quot;wide&quot;,\n    &quot;showInActions&quot;: false,\n    &quot;allowNesting&quot;: true,\n    &quot;icon&quot;: &quot;&quot;,\n    &quot;showExpandableContent&quot;: false,\n    &quot;expandableContent&quot;: &quot;&quot;,\n    &quot;link&quot;: {\n        &quot;url&quot;: &quot;&quot;\n    }\n}\">\n    \n<\/jgu-base-listitem>\n\n<jgu-base-listitem react-props=\"{\n    &quot;title&quot;: &quot;10\\\/2020-09\\\/2024 Studies (M.A.), \\&quot;Empirical Democracy Research\\&quot; at the Johannes Gutenberg University Mainz, Thesis: \\&quot;Homosexuality in European Contexts: What influence do attitudes towards homosexuality have on the election of &#039;Populist Radical Right Parties&#039; in Europe?\\&quot;, Supervisor: Prof. Dr. Kai Arzheimer&quot;,\n    &quot;uuid&quot;: &quot;1749722036125&quot;,\n    &quot;align&quot;: &quot;wide&quot;,\n    &quot;showInActions&quot;: false,\n    &quot;allowNesting&quot;: true,\n    &quot;icon&quot;: &quot;&quot;,\n    &quot;showExpandableContent&quot;: false,\n    &quot;expandableContent&quot;: &quot;&quot;,\n    &quot;link&quot;: {\n        &quot;url&quot;: &quot;&quot;\n    }\n}\">\n    \n<\/jgu-base-listitem>\n\n<jgu-base-listitem react-props=\"{\n    &quot;title&quot;: &quot;06\\\/2019-01\\\/2022 Student assistant to the Women&#039;s Representative and the Equal Opportunities Office of the University of Koblenz-Landau, Koblenz Campus&quot;,\n    &quot;uuid&quot;: &quot;1749722053093&quot;,\n    &quot;align&quot;: &quot;wide&quot;,\n    &quot;showInActions&quot;: false,\n    &quot;allowNesting&quot;: true,\n    &quot;icon&quot;: &quot;&quot;,\n    &quot;showExpandableContent&quot;: false,\n    &quot;expandableContent&quot;: &quot;&quot;,\n    &quot;link&quot;: {\n        &quot;url&quot;: &quot;&quot;\n    }\n}\">\n    \n<\/jgu-base-listitem>\n\n<jgu-base-listitem react-props=\"{\n    &quot;title&quot;: &quot;08\\\/2017- 02\\\/2018 Semester abroad at Andr\\u00e1ssy University Budapest, Hungary, as part of the Erasmus program&quot;,\n    &quot;uuid&quot;: &quot;1749722064776&quot;,\n    &quot;align&quot;: &quot;wide&quot;,\n    &quot;showInActions&quot;: false,\n    &quot;allowNesting&quot;: true,\n    &quot;icon&quot;: &quot;&quot;,\n    &quot;showExpandableContent&quot;: false,\n    &quot;expandableContent&quot;: &quot;&quot;,\n    &quot;link&quot;: {\n        &quot;url&quot;: &quot;&quot;\n    }\n}\">\n    \n<\/jgu-base-listitem>\n\n<jgu-base-listitem react-props=\"{\n    &quot;title&quot;: &quot;10\\\/2015-09\\\/2020 Studies (B.A.), \\&quot;Politics and Society\\&quot; (Political Science, Sociology and Law) at the Rheinische Friedrich-Wilhelms-Universit\\u00e4t Bonn&quot;,\n    &quot;uuid&quot;: &quot;1749722080416&quot;,\n    &quot;align&quot;: &quot;wide&quot;,\n    &quot;showInActions&quot;: false,\n    &quot;allowNesting&quot;: true,\n    &quot;icon&quot;: &quot;&quot;,\n    &quot;showExpandableContent&quot;: false,\n    &quot;expandableContent&quot;: &quot;&quot;,\n    &quot;link&quot;: {\n        &quot;url&quot;: &quot;&quot;\n    }\n}\">\n    \n<\/jgu-base-listitem>\n\n<\/jgu-base-alertbox><jgu-base-heading react-props=\"{\n    &quot;tags&quot;: {\n        &quot;htmlTag&quot;: &quot;h2&quot;,\n        &quot;classTag&quot;: &quot;&quot;,\n        &quot;tag&quot;: &quot;h2&quot;\n    },\n    &quot;heading&quot;: &quot;Courses&quot;,\n    &quot;textAlign&quot;: &quot;left&quot;,\n    &quot;anchor&quot;: &quot;&quot;,\n    &quot;index&quot;: &quot;&quot;,\n    &quot;color&quot;: &quot;red&quot;\n}\"><\/jgu-base-heading>\n\t<ol class=\"wp-block-list has-big-font-size\">\n\t\t\t\t\t<li>\n\t\t\t<a href=\"?event_id=394143932950842&amp;skip_groups=false\">\n\t\t\t\tBasissem Das politische System der BRD<\/a><br>\n\t\t\t\tInstructor: Anna Lopatina; Bela Felix Materna\t\t\t\t\t\t<\/li>\n\t\t\t\t\t<li>\n\t\t\t<a href=\"?event_id=394143932628796&amp;skip_groups=false\">\n\t\t\t\tKG Wissenschaftliches Arbeiten<\/a><br>\n\t\t\t\tInstructor: Anna Lopatina; Barbara M\u00fcller\t\t\t\t\t\t<\/li>\n\t\t\t\t\t<li>\n\t\t\t<a href=\"?event_id=394143935927400&amp;skip_groups=false\">\n\t\t\t\tV Ringvorlesung: Sie fragen sich, ob diese Geschichte wahr ist? Verschw\u00f6rungsglaube und alternative \u00dcberzeugungssysteme als Herausforderung f\u00fcr die Demokratie<\/a><br>\n\t\t\t\tInstructor: Tim Niklas Bartnik; Frederic Gabriel Hemler; Victoria Kr\u00fcger; Hannah Schilling\t\t\t\t\t\t<\/li>\n\t\t\t\t\t<li>\n\t\t\t<a href=\"?event_id=394143936431503&amp;skip_groups=false\">\n\t\t\t\tV Thema Wirtschaft und Gesellschaft: Grundlagen von Wirtschaftspolitik f\u00fcr Sozialwissenschaften und Lehramt<\/a><br>\n\t\t\t\tInstructor: Univ.-Prof. Dr. Helen Callaghan; Anna Hehenberger\t\t\t\t\t\t<\/li>\n\t\t<\/ol>\n\t<hr>\n<p>\n\tSoSe 2026\t<\/p>\n\n\n<div style=\"height:90px\" aria-hidden=\"true\" class=\"wp-block-spacer\"><\/div>\n<jgu-base-heading react-props=\"{\n    &quot;tags&quot;: {\n        &quot;htmlTag&quot;: &quot;h2&quot;,\n        &quot;classTag&quot;: &quot;&quot;,\n        &quot;tag&quot;: &quot;h2&quot;\n    },\n    &quot;heading&quot;: &quot;Publications&quot;,\n    &quot;textAlign&quot;: &quot;left&quot;,\n    &quot;anchor&quot;: &quot;&quot;,\n    &quot;index&quot;: &quot;&quot;,\n    &quot;color&quot;: &quot;red&quot;\n}\"><\/jgu-base-heading>\n<div>\n\n\t\n\t<div class=\"csl-bib-body\">\n  <div class=\"csl-entry\">Stockemer, D., Abou-El-Kheir, E., and Lopatina, A. (2026). Candidates with Arab Names in German Municipal Elections: An Underrepresented Minority. <i>JOURNAL OF RACE ETHNICITY AND POLITICS<\/i>. Published. <a href=\"https:\/\/doi.org\/10.1017\/rep.2026.10059\" title=\"Bibliographical information\">DOI<\/a> <a href=\"https:\/\/www.webofscience.com\/api\/gateway?GWVersion=2&#038;SrcApp=fis-test-1&#038;SrcAuth=WosAPI&#038;KeyUT=WOS:001723761000001&#038;DestLinkType=FullRecord&#038;DestApp=WOS_CPL\" title=\"Bibliographical information\" >Author\/Publisher URL<\/a><\/div>\n<\/div>\t\n<\/div>\n    <div style=\"display: none\">\n        \n    <\/div>","protected":false},"excerpt":{"rendered":"","protected":false},"author":1647,"featured_media":0,"parent":10482,"menu_order":1,"comment_status":"closed","ping_status":"closed","template":"","meta":{"footnotes":""},"categories":[],"tags":[],"class_list":["post-10494","page","type-page","status-publish","hentry"],"content_raw":"<!-- wp:jgu\/pageheader {\"items\":[{\"box\":{\"index\":\"\",\"title\":\"Anna Lopatina, M.A.  \",\"link\":{\"url\":\"\",\"title\":\"learn more\"}},\"color\":\"default\",\"image\":{\"url\":\"\"},\"imgCredit\":\"\",\"useVideo\":false,\"video\":false}],\"type\":\"border\",\"useBreadcrumb\":true} \/--><!-- wp:columns -->\n<div class=\"wp-block-columns\"><!-- wp:column -->\n<div class=\"wp-block-column\"><!-- wp:jgu\/idm-person {\"id\":\"306045\",\"organizationId\":611,\"roleId\":11} \/--><\/div>\n<!-- \/wp:column -->\n\n<!-- wp:column -->\n<div class=\"wp-block-column\"><!-- wp:jgu\/alertbox {\"headline\":\"Further information\",\"children\":\"Please register in advance by e-mail for an appointment and indicate whether you would like to attend the consultation in person, via MS Teams or by telephone.\",\"icon\":\"bullhorn-solid\",\"iconColor\":\"red\"} \/--><\/div>\n<!-- \/wp:column --><\/div>\n<!-- \/wp:columns --><!-- wp:jgu\/alertbox {\"headline\":\"CV\"} -->\n<!-- wp:jgu\/list-item {\"title\":\"since 10\/2024 Research assistant at the Department of German Politics and Political Sociology at the Institute of Political Science, Johannes Gutenberg University Mainz, Head: Prof. Dr. Kai Arzheimer \",\"uuid\":\"1749721913474\"} \/-->\n\n<!-- wp:jgu\/list-item {\"title\":\"05\/2024- 08\/2024 Student assistant at the Department of German Politics and Political Sociology at the Institute of Political Science, Johannes Gutenberg University Mainz, for the research project: \\u0022On the renewal and digitalization of political parties\\u0022, PI: Dr. Jasmin Fitzpatrick\",\"uuid\":\"1749721929424\"} \/-->\n\n<!-- wp:jgu\/list-item {\"title\":\"07\/2023-12\/2023 Student assistant at the Faculty of Social Sciences at the University of Ottawa, Canada, for a research project on political representation in local elections in Germany, supervised by Prof. Dr. Daniel Stockemer\",\"uuid\":\"1749721953565\"} \/-->\n\n<!-- wp:jgu\/list-item {\"title\":\"04\/2023- 06\/2023 Student assistant at the Department of German Politics and Political Sociology at the Institute of Political Science, Johannes Gutenberg University Mainz, for the research project: \\u0022On the renewal and digitalization of political parties\\u0022, PI: Dr. Jasmin Fitzpatrick\",\"uuid\":\"1749721972937\"} \/-->\n\n<!-- wp:jgu\/list-item {\"title\":\"09\/2022-12\/2022 Semester abroad at Chung-Ang University Seoul, South Korea, at the Graduate School of International Studies (PROMOS scholarship holder)\",\"uuid\":\"1749722022486\"} \/-->\n\n<!-- wp:jgu\/list-item {\"title\":\"10\/2020-09\/2024 Studies (M.A.), \\u0022Empirical Democracy Research\\u0022 at the Johannes Gutenberg University Mainz, Thesis: \\u0022Homosexuality in European Contexts: What influence do attitudes towards homosexuality have on the election of 'Populist Radical Right Parties' in Europe?\\u0022, Supervisor: Prof. Dr. Kai Arzheimer\",\"uuid\":\"1749722036125\"} \/-->\n\n<!-- wp:jgu\/list-item {\"title\":\"06\/2019-01\/2022 Student assistant to the Women's Representative and the Equal Opportunities Office of the University of Koblenz-Landau, Koblenz Campus\",\"uuid\":\"1749722053093\"} \/-->\n\n<!-- wp:jgu\/list-item {\"title\":\"08\/2017- 02\/2018 Semester abroad at Andr\u00e1ssy University Budapest, Hungary, as part of the Erasmus program\",\"uuid\":\"1749722064776\"} \/-->\n\n<!-- wp:jgu\/list-item {\"title\":\"10\/2015-09\/2020 Studies (B.A.), \\u0022Politics and Society\\u0022 (Political Science, Sociology and Law) at the Rheinische Friedrich-Wilhelms-Universit\u00e4t Bonn\",\"uuid\":\"1749722080416\"} \/-->\n<!-- \/wp:jgu\/alertbox --><!-- wp:jgu\/heading {\"tags\":{\"htmlTag\":\"h2\",\"classTag\":\"\",\"tag\":\"h2\"},\"heading\":\"Courses\"} \/--><!-- wp:jgu\/jogustine {\"orgunit\":\"Politikwissenschaft\",\"instructor\":\"Lopatina, Anna\"} \/--><!-- wp:spacer -->\n<div style=\"height:90px\" aria-hidden=\"true\" class=\"wp-block-spacer\"><\/div>\n<!-- \/wp:spacer --><!-- wp:jgu\/heading {\"tags\":{\"htmlTag\":\"h2\",\"classTag\":\"\",\"tag\":\"h2\"},\"heading\":\"Publications\"} \/--><!-- wp:jgu\/fis {\"user\":\"alopati\"} \/-->","_links":{"self":[{"href":"https:\/\/innen.politik.uni-mainz.de\/en\/wp-json\/wp\/v2\/pages\/10494","targetHints":{"allow":["GET"]}}],"collection":[{"href":"https:\/\/innen.politik.uni-mainz.de\/en\/wp-json\/wp\/v2\/pages"}],"about":[{"href":"https:\/\/innen.politik.uni-mainz.de\/en\/wp-json\/wp\/v2\/types\/page"}],"author":[{"embeddable":true,"href":"https:\/\/innen.politik.uni-mainz.de\/en\/wp-json\/wp\/v2\/users\/1647"}],"replies":[{"embeddable":true,"href":"https:\/\/innen.politik.uni-mainz.de\/en\/wp-json\/wp\/v2\/comments?post=10494"}],"version-history":[{"count":2,"href":"https:\/\/innen.politik.uni-mainz.de\/en\/wp-json\/wp\/v2\/pages\/10494\/revisions"}],"predecessor-version":[{"id":10629,"href":"https:\/\/innen.politik.uni-mainz.de\/en\/wp-json\/wp\/v2\/pages\/10494\/revisions\/10629"}],"up":[{"embeddable":true,"href":"https:\/\/innen.politik.uni-mainz.de\/en\/wp-json\/wp\/v2\/pages\/10482"}],"wp:attachment":[{"href":"https:\/\/innen.politik.uni-mainz.de\/en\/wp-json\/wp\/v2\/media?parent=10494"}],"wp:term":[{"taxonomy":"category","embeddable":true,"href":"https:\/\/innen.politik.uni-mainz.de\/en\/wp-json\/wp\/v2\/categories?post=10494"},{"taxonomy":"post_tag","embeddable":true,"href":"https:\/\/innen.politik.uni-mainz.de\/en\/wp-json\/wp\/v2\/tags?post=10494"}],"curies":[{"name":"wp","href":"https:\/\/api.w.org\/{rel}","templated":true}]}}